{"id":107,"date":"2021-03-24T12:57:53","date_gmt":"2021-03-24T12:57:53","guid":{"rendered":"http:\/\/centarpaznje.hr\/?page_id=107"},"modified":"2024-06-22T19:05:37","modified_gmt":"2024-06-22T19:05:37","slug":"elementor-107","status":"publish","type":"page","link":"https:\/\/centarpaznje.hr\/","title":{"rendered":"Centar paznje"},"content":{"rendered":"\t\t<div data-elementor-type=\"wp-page\" data-elementor-id=\"107\" class=\"elementor elementor-107\">\n\t\t\t\t\t\t\t\t\t<section class=\"elementor-section elementor-top-section elementor-element elementor-element-85c4a1a elementor-section-boxed elementor-section-height-default elementor-section-height-default\" data-id=\"85c4a1a\" data-element_type=\"section\">\n\t\t\t\t\t\t<div class=\"elementor-container elementor-column-gap-default\">\n\t\t\t\t\t<div class=\"elementor-column elementor-col-100 elementor-top-column elementor-element elementor-element-9824628\" data-id=\"9824628\" data-element_type=\"column\">\n\t\t\t<div class=\"elementor-widget-wrap elementor-element-populated\">\n\t\t\t\t\t\t\t\t<div class=\"elementor-element elementor-element-619d24f elementor-widget elementor-widget-text-editor\" data-id=\"619d24f\" data-element_type=\"widget\" data-widget_type=\"text-editor.default\">\n\t\t\t\t<div class=\"elementor-widget-container\">\n\t\t\t\t\t\t\tStranica se ure\u0111uje.\nU me\u0111uvremenu pratite informacije na\n<strong><a href=\"https:\/\/www.facebook.com\/centarpaznje.hr\/\">Facebooku<\/a><\/strong>\nili\n<strong><a href=\"https:\/\/www.instagram.com\/centarpaznje_zg\/\">Instagramu<\/a><\/strong>\t\t\t\t\t\t<\/div>\n\t\t\t\t<\/div>\n\t\t\t\t\t<\/div>\n\t\t<\/div>\n\t\t\t\t\t\t\t<\/div>\n\t\t<\/section>\n\t\t\t\t<section class=\"elementor-section elementor-top-section elementor-element elementor-element-2e4a7e48 elementor-section-height-min-height elementor-section-boxed elementor-section-height-default elementor-section-items-middle\" data-id=\"2e4a7e48\" data-element_type=\"section\" data-settings=\"{&quot;background_background&quot;:&quot;classic&quot;}\">\n\t\t\t\t\t\t\t<div class=\"elementor-background-overlay\"><\/div>\n\t\t\t\t\t\t\t<div class=\"elementor-container elementor-column-gap-default\">\n\t\t\t\t\t<div class=\"elementor-column elementor-col-100 elementor-top-column elementor-element elementor-element-5ff52ea2\" data-id=\"5ff52ea2\" data-element_type=\"column\">\n\t\t\t<div class=\"elementor-widget-wrap elementor-element-populated\">\n\t\t\t\t\t\t\t\t<div class=\"elementor-element elementor-element-5dae770 elementor-widget elementor-widget-heading\" data-id=\"5dae770\" data-element_type=\"widget\" data-widget_type=\"heading.default\">\n\t\t\t\t<div class=\"elementor-widget-container\">\n\t\t\t<h2 class=\"elementor-heading-title elementor-size-large\">u centru pa\u017enje - kreativnost <br>i \u010darolija stvaranja<\/h2>\t\t<\/div>\n\t\t\t\t<\/div>\n\t\t\t\t<div class=\"elementor-element elementor-element-526f141b elementor-widget-divider--view-line elementor-widget elementor-widget-divider\" data-id=\"526f141b\" data-element_type=\"widget\" data-widget_type=\"divider.default\">\n\t\t\t\t<div class=\"elementor-widget-container\">\n\t\t\t\t\t<div class=\"elementor-divider\">\n\t\t\t<span class=\"elementor-divider-separator\">\n\t\t\t\t\t\t<\/span>\n\t\t<\/div>\n\t\t\t\t<\/div>\n\t\t\t\t<\/div>\n\t\t\t\t<div class=\"elementor-element elementor-element-3f51e9dd elementor-widget elementor-widget-heading\" data-id=\"3f51e9dd\" data-element_type=\"widget\" data-widget_type=\"heading.default\">\n\t\t\t\t<div class=\"elementor-widget-container\">\n\t\t\t<p class=\"elementor-heading-title elementor-size-medium\">Prostor slobode i \u010darolije umjetnosti. Studio za grafi\u010dki i web dizajn, ilustracije, likovne radionice i eksperimentiranje.<\/p>\t\t<\/div>\n\t\t\t\t<\/div>\n\t\t\t\t\t<\/div>\n\t\t<\/div>\n\t\t\t\t\t\t\t<\/div>\n\t\t<\/section>\n\t\t\t\t<section class=\"elementor-section elementor-top-section elementor-element elementor-element-45bc337f elementor-section-boxed elementor-section-height-default elementor-section-height-default\" data-id=\"45bc337f\" data-element_type=\"section\" data-settings=\"{&quot;background_background&quot;:&quot;none&quot;}\">\n\t\t\t\t\t\t<div class=\"elementor-container elementor-column-gap-default\">\n\t\t\t\t\t<div class=\"elementor-column elementor-col-100 elementor-top-column elementor-element elementor-element-5fdc44bf\" data-id=\"5fdc44bf\" data-element_type=\"column\">\n\t\t\t<div class=\"elementor-widget-wrap elementor-element-populated\">\n\t\t\t\t\t\t\t\t<div class=\"elementor-element elementor-element-5813ddd elementor-widget elementor-widget-testimonial\" data-id=\"5813ddd\" data-element_type=\"widget\" data-widget_type=\"testimonial.default\">\n\t\t\t\t<div class=\"elementor-widget-container\">\n\t\t\t\t\t<div class=\"elementor-testimonial-wrapper\">\n\t\t\t\t\t\t\t<div class=\"elementor-testimonial-content\">Kreativnost, likovnost, razvoj i dobrobit djece, <br>odraslih i lokalne zajednice - u Centru pa\u017enje.<\/div>\n\t\t\t\n\t\t\t\t\t\t<div class=\"elementor-testimonial-meta elementor-has-image elementor-testimonial-image-position-aside\">\n\t\t\t\t<div class=\"elementor-testimonial-meta-inner\">\n\t\t\t\t\t\t\t\t\t\t\t<div class=\"elementor-testimonial-image\">\n\t\t\t\t\t\t\t<img loading=\"lazy\" decoding=\"async\" width=\"640\" height=\"640\" src=\"https:\/\/centarpaznje.hr\/wp-content\/uploads\/2021\/03\/vanja.jpg\" class=\"attachment-full size-full\" alt=\"\" \/>\t\t\t\t\t\t<\/div>\n\t\t\t\t\t\n\t\t\t\t\t\t\t\t\t\t<div class=\"elementor-testimonial-details\">\n\t\t\t\t\t\t\t\t\t\t\t\t\t\t<div class=\"elementor-testimonial-name\">Vanja Nikoli\u0107<\/div>\n\t\t\t\t\t\t\t\t\t\t\t\t\t\t\t\t\t\t\t\t\t\t<div class=\"elementor-testimonial-job\">Centar pa\u017enje, vlasnica<\/div>\n\t\t\t\t\t\t\t\t\t\t\t\t\t<\/div>\n\t\t\t\t\t\t\t\t\t<\/div>\n\t\t\t<\/div>\n\t\t\t\t\t<\/div>\n\t\t\t\t<\/div>\n\t\t\t\t<\/div>\n\t\t\t\t\t<\/div>\n\t\t<\/div>\n\t\t\t\t\t\t\t<\/div>\n\t\t<\/section>\n\t\t\t\t<section class=\"elementor-section elementor-top-section elementor-element elementor-element-5126b77b elementor-section-height-min-height elementor-section-content-middle elementor-section-boxed elementor-section-height-default elementor-section-items-middle\" data-id=\"5126b77b\" data-element_type=\"section\" data-settings=\"{&quot;background_background&quot;:&quot;classic&quot;}\">\n\t\t\t\t\t\t<div class=\"elementor-container elementor-column-gap-default\">\n\t\t\t\t\t<div class=\"elementor-column elementor-col-50 elementor-top-column elementor-element elementor-element-1eaa8933\" data-id=\"1eaa8933\" data-element_type=\"column\">\n\t\t\t<div class=\"elementor-widget-wrap elementor-element-populated\">\n\t\t\t\t\t\t\t\t<div class=\"elementor-element elementor-element-36cbd45 elementor-widget-divider--view-line elementor-widget elementor-widget-divider\" data-id=\"36cbd45\" data-element_type=\"widget\" data-widget_type=\"divider.default\">\n\t\t\t\t<div class=\"elementor-widget-container\">\n\t\t\t\t\t<div class=\"elementor-divider\">\n\t\t\t<span class=\"elementor-divider-separator\">\n\t\t\t\t\t\t<\/span>\n\t\t<\/div>\n\t\t\t\t<\/div>\n\t\t\t\t<\/div>\n\t\t\t\t<div class=\"elementor-element elementor-element-c584e2c elementor-widget elementor-widget-heading\" data-id=\"c584e2c\" data-element_type=\"widget\" data-widget_type=\"heading.default\">\n\t\t\t\t<div class=\"elementor-widget-container\">\n\t\t\t<h3 class=\"elementor-heading-title elementor-size-large\">Grafi\u010dki i web<br>Dizajn\n<\/h3>\t\t<\/div>\n\t\t\t\t<\/div>\n\t\t\t\t<div class=\"elementor-element elementor-element-37525840 elementor-widget elementor-widget-text-editor\" data-id=\"37525840\" data-element_type=\"widget\" data-widget_type=\"text-editor.default\">\n\t\t\t\t<div class=\"elementor-widget-container\">\n\t\t\t\t\t\t\t<p>Va\u0161 rad na pozitivnoj dru\u0161tvenoj promjeni, psihosocijalnim projektima, aktivnosti za dobrobit i razvoj djece u suradnji s vama preta\u010dem u boje i oblike i kreiram grafi\u010dke i web materijale koji vas, va\u0161e ideje i va\u0161e aktivnosti stavljaju u centar pa\u017enje.<\/p><p>Dugogodi\u0161nje iskustvo u radu na raznim mirovnim, psihosocijalnim i razvojnim projektima te rad na programima ranog razvoja djece poma\u017ee mi da \u010dujem, vidim i osjetim one suptilne, a va\u017ene i klju\u010dne koncepte i ideje koje stoje iza va\u0161ih aktivnosti.\u00a0<\/p>\t\t\t\t\t\t<\/div>\n\t\t\t\t<\/div>\n\t\t\t\t<div class=\"elementor-element elementor-element-6517d9e1 elementor-widget elementor-widget-heading\" data-id=\"6517d9e1\" data-element_type=\"widget\" data-widget_type=\"heading.default\">\n\t\t\t\t<div class=\"elementor-widget-container\">\n\t\t\t<p class=\"elementor-heading-title elementor-size-medium\">vi\u0161e - sti\u017ee uskoro<\/p>\t\t<\/div>\n\t\t\t\t<\/div>\n\t\t\t\t\t<\/div>\n\t\t<\/div>\n\t\t\t\t<div class=\"elementor-column elementor-col-50 elementor-top-column elementor-element elementor-element-621bfb16\" data-id=\"621bfb16\" data-element_type=\"column\">\n\t\t\t<div class=\"elementor-widget-wrap elementor-element-populated\">\n\t\t\t\t\t\t\t\t<div class=\"elementor-element elementor-element-7feb45a4 elementor-widget elementor-widget-image\" data-id=\"7feb45a4\" data-element_type=\"widget\" data-widget_type=\"image.default\">\n\t\t\t\t<div class=\"elementor-widget-container\">\n\t\t\t\t\t\t\t\t\t\t\t\t\t\t\t<img loading=\"lazy\" decoding=\"async\" width=\"1024\" height=\"768\" src=\"https:\/\/centarpaznje.hr\/wp-content\/uploads\/2021\/03\/IMG_5467-1024x768.jpg\" class=\"attachment-large size-large\" alt=\"\" srcset=\"https:\/\/centarpaznje.hr\/wp-content\/uploads\/2021\/03\/IMG_5467-1024x768.jpg 1024w, https:\/\/centarpaznje.hr\/wp-content\/uploads\/2021\/03\/IMG_5467-300x225.jpg 300w, https:\/\/centarpaznje.hr\/wp-content\/uploads\/2021\/03\/IMG_5467-768x576.jpg 768w, https:\/\/centarpaznje.hr\/wp-content\/uploads\/2021\/03\/IMG_5467-1536x1152.jpg 1536w, https:\/\/centarpaznje.hr\/wp-content\/uploads\/2021\/03\/IMG_5467-2048x1536.jpg 2048w\" sizes=\"auto, (max-width: 1024px) 100vw, 1024px\" \/>\t\t\t\t\t\t\t\t\t\t\t\t\t\t\t<\/div>\n\t\t\t\t<\/div>\n\t\t\t\t\t<\/div>\n\t\t<\/div>\n\t\t\t\t\t\t\t<\/div>\n\t\t<\/section>\n\t\t\t\t<section class=\"elementor-section elementor-top-section elementor-element elementor-element-6f4166fe elementor-section-height-min-height elementor-section-content-middle elementor-reverse-mobile elementor-section-boxed elementor-section-height-default elementor-section-items-middle\" data-id=\"6f4166fe\" data-element_type=\"section\" data-settings=\"{&quot;background_background&quot;:&quot;none&quot;}\">\n\t\t\t\t\t\t<div class=\"elementor-container elementor-column-gap-default\">\n\t\t\t\t\t<div class=\"elementor-column elementor-col-50 elementor-top-column elementor-element elementor-element-3be64353\" data-id=\"3be64353\" data-element_type=\"column\">\n\t\t\t<div class=\"elementor-widget-wrap elementor-element-populated\">\n\t\t\t\t\t\t\t\t<div class=\"elementor-element elementor-element-e8ee348 elementor-widget elementor-widget-image\" data-id=\"e8ee348\" data-element_type=\"widget\" data-widget_type=\"image.default\">\n\t\t\t\t<div class=\"elementor-widget-container\">\n\t\t\t\t\t\t\t\t\t\t\t\t\t\t\t<img loading=\"lazy\" decoding=\"async\" width=\"422\" height=\"422\" src=\"https:\/\/centarpaznje.hr\/wp-content\/uploads\/2021\/03\/radionice.jpg\" class=\"attachment-full size-full\" alt=\"\" srcset=\"https:\/\/centarpaznje.hr\/wp-content\/uploads\/2021\/03\/radionice.jpg 422w, https:\/\/centarpaznje.hr\/wp-content\/uploads\/2021\/03\/radionice-300x300.jpg 300w, https:\/\/centarpaznje.hr\/wp-content\/uploads\/2021\/03\/radionice-150x150.jpg 150w\" sizes=\"auto, (max-width: 422px) 100vw, 422px\" \/>\t\t\t\t\t\t\t\t\t\t\t\t\t\t\t<\/div>\n\t\t\t\t<\/div>\n\t\t\t\t\t<\/div>\n\t\t<\/div>\n\t\t\t\t<div class=\"elementor-column elementor-col-50 elementor-top-column elementor-element elementor-element-78be774e\" data-id=\"78be774e\" data-element_type=\"column\">\n\t\t\t<div class=\"elementor-widget-wrap elementor-element-populated\">\n\t\t\t\t\t\t\t\t<div class=\"elementor-element elementor-element-29b54e49 elementor-widget-divider--view-line elementor-widget elementor-widget-divider\" data-id=\"29b54e49\" data-element_type=\"widget\" data-widget_type=\"divider.default\">\n\t\t\t\t<div class=\"elementor-widget-container\">\n\t\t\t\t\t<div class=\"elementor-divider\">\n\t\t\t<span class=\"elementor-divider-separator\">\n\t\t\t\t\t\t<\/span>\n\t\t<\/div>\n\t\t\t\t<\/div>\n\t\t\t\t<\/div>\n\t\t\t\t<div class=\"elementor-element elementor-element-7ff05dbf elementor-widget elementor-widget-heading\" data-id=\"7ff05dbf\" data-element_type=\"widget\" data-widget_type=\"heading.default\">\n\t\t\t\t<div class=\"elementor-widget-container\">\n\t\t\t<h3 class=\"elementor-heading-title elementor-size-large\">Likovne radionice<\/h3>\t\t<\/div>\n\t\t\t\t<\/div>\n\t\t\t\t<div class=\"elementor-element elementor-element-58380035 elementor-widget elementor-widget-text-editor\" data-id=\"58380035\" data-element_type=\"widget\" data-widget_type=\"text-editor.default\">\n\t\t\t\t<div class=\"elementor-widget-container\">\n\t\t\t\t\t\t\t<p>Centar pa\u017enje je mjesto slobode i \u010darolije stvaranja i kreiranja. Kroz igru i zabavu u\u010dimo o bojama, oblicima, umjetni\u010dkim pravcima. Kako djeca tako i odrasli..<\/p>\t\t\t\t\t\t<\/div>\n\t\t\t\t<\/div>\n\t\t\t\t<div class=\"elementor-element elementor-element-31ed3c59 elementor-widget elementor-widget-heading\" data-id=\"31ed3c59\" data-element_type=\"widget\" data-widget_type=\"heading.default\">\n\t\t\t\t<div class=\"elementor-widget-container\">\n\t\t\t<p class=\"elementor-heading-title elementor-size-medium\"><a href=\"#radionice\">VI\u0160E<\/a><\/p>\t\t<\/div>\n\t\t\t\t<\/div>\n\t\t\t\t\t<\/div>\n\t\t<\/div>\n\t\t\t\t\t\t\t<\/div>\n\t\t<\/section>\n\t\t\t\t<section class=\"elementor-section elementor-top-section elementor-element elementor-element-74e3fa0f elementor-section-height-min-height elementor-section-content-middle elementor-section-boxed elementor-section-height-default elementor-section-items-middle\" data-id=\"74e3fa0f\" data-element_type=\"section\" data-settings=\"{&quot;background_background&quot;:&quot;classic&quot;}\">\n\t\t\t\t\t\t<div class=\"elementor-container elementor-column-gap-default\">\n\t\t\t\t\t<div class=\"elementor-column elementor-col-50 elementor-top-column elementor-element elementor-element-721f62f9\" data-id=\"721f62f9\" data-element_type=\"column\">\n\t\t\t<div class=\"elementor-widget-wrap elementor-element-populated\">\n\t\t\t\t\t\t\t\t<div class=\"elementor-element elementor-element-6f24c9ce elementor-widget-divider--view-line elementor-widget elementor-widget-divider\" data-id=\"6f24c9ce\" data-element_type=\"widget\" data-widget_type=\"divider.default\">\n\t\t\t\t<div class=\"elementor-widget-container\">\n\t\t\t\t\t<div class=\"elementor-divider\">\n\t\t\t<span class=\"elementor-divider-separator\">\n\t\t\t\t\t\t<\/span>\n\t\t<\/div>\n\t\t\t\t<\/div>\n\t\t\t\t<\/div>\n\t\t\t\t<div class=\"elementor-element elementor-element-22733f4 elementor-widget elementor-widget-heading\" data-id=\"22733f4\" data-element_type=\"widget\" data-widget_type=\"heading.default\">\n\t\t\t\t<div class=\"elementor-widget-container\">\n\t\t\t<h3 class=\"elementor-heading-title elementor-size-large\">SLIKE I Ilustracije <\/h3>\t\t<\/div>\n\t\t\t\t<\/div>\n\t\t\t\t<div class=\"elementor-element elementor-element-5db00faf elementor-widget elementor-widget-text-editor\" data-id=\"5db00faf\" data-element_type=\"widget\" data-widget_type=\"text-editor.default\">\n\t\t\t\t<div class=\"elementor-widget-container\">\n\t\t\t\t\t\t\t<p>Primarno sam se godinama bavila slikanjem i crtanjem te sam iz toga prirodno krenula i u ilustracije.\u00a0<\/p>\t\t\t\t\t\t<\/div>\n\t\t\t\t<\/div>\n\t\t\t\t<div class=\"elementor-element elementor-element-7d54ff5c elementor-widget elementor-widget-heading\" data-id=\"7d54ff5c\" data-element_type=\"widget\" data-widget_type=\"heading.default\">\n\t\t\t\t<div class=\"elementor-widget-container\">\n\t\t\t<p class=\"elementor-heading-title elementor-size-medium\">VI\u0160E - sti\u017ee uskoro<\/p>\t\t<\/div>\n\t\t\t\t<\/div>\n\t\t\t\t\t<\/div>\n\t\t<\/div>\n\t\t\t\t<div class=\"elementor-column elementor-col-50 elementor-top-column elementor-element elementor-element-5534b861\" data-id=\"5534b861\" data-element_type=\"column\">\n\t\t\t<div class=\"elementor-widget-wrap elementor-element-populated\">\n\t\t\t\t\t\t\t\t<div class=\"elementor-element elementor-element-1fe72e0 elementor-widget elementor-widget-image\" data-id=\"1fe72e0\" data-element_type=\"widget\" data-widget_type=\"image.default\">\n\t\t\t\t<div class=\"elementor-widget-container\">\n\t\t\t\t\t\t\t\t\t\t\t\t\t\t\t<img loading=\"lazy\" decoding=\"async\" width=\"1079\" height=\"1089\" src=\"https:\/\/centarpaznje.hr\/wp-content\/uploads\/2021\/03\/girl_no-1.png\" class=\"attachment-full size-full\" alt=\"\" srcset=\"https:\/\/centarpaznje.hr\/wp-content\/uploads\/2021\/03\/girl_no-1.png 1079w, https:\/\/centarpaznje.hr\/wp-content\/uploads\/2021\/03\/girl_no-1-297x300.png 297w, https:\/\/centarpaznje.hr\/wp-content\/uploads\/2021\/03\/girl_no-1-1015x1024.png 1015w, https:\/\/centarpaznje.hr\/wp-content\/uploads\/2021\/03\/girl_no-1-150x150.png 150w, https:\/\/centarpaznje.hr\/wp-content\/uploads\/2021\/03\/girl_no-1-768x775.png 768w\" sizes=\"auto, (max-width: 1079px) 100vw, 1079px\" \/>\t\t\t\t\t\t\t\t\t\t\t\t\t\t\t<\/div>\n\t\t\t\t<\/div>\n\t\t\t\t\t<\/div>\n\t\t<\/div>\n\t\t\t\t\t\t\t<\/div>\n\t\t<\/section>\n\t\t\t\t<section class=\"elementor-section elementor-top-section elementor-element elementor-element-226e5f24 elementor-section-boxed elementor-section-height-default elementor-section-height-default\" data-id=\"226e5f24\" data-element_type=\"section\">\n\t\t\t\t\t\t<div class=\"elementor-container elementor-column-gap-default\">\n\t\t\t\t\t<div class=\"elementor-column elementor-col-100 elementor-top-column elementor-element elementor-element-b0c0c2c\" data-id=\"b0c0c2c\" data-element_type=\"column\">\n\t\t\t<div class=\"elementor-widget-wrap elementor-element-populated\">\n\t\t\t\t\t\t\t\t<div class=\"elementor-element elementor-element-36dd614 elementor-widget elementor-widget-menu-anchor\" data-id=\"36dd614\" data-element_type=\"widget\" data-widget_type=\"menu-anchor.default\">\n\t\t\t\t<div class=\"elementor-widget-container\">\n\t\t\t\t\t<div id=\"radionice\" class=\"elementor-menu-anchor\"><\/div>\n\t\t\t\t<\/div>\n\t\t\t\t<\/div>\n\t\t\t\t<div class=\"elementor-element elementor-element-7bc67989 elementor-widget elementor-widget-heading\" data-id=\"7bc67989\" data-element_type=\"widget\" data-widget_type=\"heading.default\">\n\t\t\t\t<div class=\"elementor-widget-container\">\n\t\t\t<h3 class=\"elementor-heading-title elementor-size-large\"><a href=\"http:\/\/radionice\">LIkOVNE RAdionice<\/a><\/h3>\t\t<\/div>\n\t\t\t\t<\/div>\n\t\t\t\t<div class=\"elementor-element elementor-element-31058a4e elementor-widget-divider--view-line elementor-widget elementor-widget-divider\" data-id=\"31058a4e\" data-element_type=\"widget\" data-widget_type=\"divider.default\">\n\t\t\t\t<div class=\"elementor-widget-container\">\n\t\t\t\t\t<div class=\"elementor-divider\">\n\t\t\t<span class=\"elementor-divider-separator\">\n\t\t\t\t\t\t<\/span>\n\t\t<\/div>\n\t\t\t\t<\/div>\n\t\t\t\t<\/div>\n\t\t\t\t<section class=\"elementor-section elementor-inner-section elementor-element elementor-element-4230cc9c elementor-section-boxed elementor-section-height-default elementor-section-height-default\" data-id=\"4230cc9c\" data-element_type=\"section\">\n\t\t\t\t\t\t<div class=\"elementor-container elementor-column-gap-wider\">\n\t\t\t\t\t<div class=\"elementor-column elementor-col-50 elementor-inner-column elementor-element elementor-element-4406fb3f\" data-id=\"4406fb3f\" data-element_type=\"column\">\n\t\t\t<div class=\"elementor-widget-wrap elementor-element-populated\">\n\t\t\t\t\t\t\t\t<div class=\"elementor-element elementor-element-62bf28f9 elementor-position-left elementor-vertical-align-middle elementor-widget elementor-widget-image-box\" data-id=\"62bf28f9\" data-element_type=\"widget\" data-widget_type=\"image-box.default\">\n\t\t\t\t<div class=\"elementor-widget-container\">\n\t\t\t<div class=\"elementor-image-box-wrapper\"><figure class=\"elementor-image-box-img\"><img loading=\"lazy\" decoding=\"async\" width=\"1640\" height=\"1640\" src=\"https:\/\/centarpaznje.hr\/wp-content\/uploads\/2021\/03\/radionice1.jpg\" class=\"attachment-full size-full\" alt=\"\" \/><\/figure><div class=\"elementor-image-box-content\"><h3 class=\"elementor-image-box-title\">Radionice s djecom <\/h3><p class=\"elementor-image-box-description\">Kroz umjetnost si pro\u0161irujemo prostor slobode, kroz zabavu i kreativnost u\u010dimo i rastemo na razli\u010ditim poljima. Tjedne dvosatne likovne radionice u manjim grupama ( 5-6 djece). Koristimo razli\u010dite likovne materijale i tehnike, inspiriramo s slavnim umjetnicima\/cama i umjetni\u010dkim pravcima.  Fokusiramo se na proces i \u010daroliju stvaranja, a rezultati na kraju budu neopisivo kvalitetni. <\/p><\/div><\/div>\t\t<\/div>\n\t\t\t\t<\/div>\n\t\t\t\t<div class=\"elementor-element elementor-element-08c2709 elementor-widget elementor-widget-text-editor\" data-id=\"08c2709\" data-element_type=\"widget\" data-widget_type=\"text-editor.default\">\n\t\t\t\t<div class=\"elementor-widget-container\">\n\t\t\t\t\t\t\t<p>VI\u0160E NA<a href=\"https:\/\/www.facebook.com\/centarpaznje.hr\/\"> FACEBOOKU<\/a> ILI <a href=\"https:\/\/www.instagram.com\/centarpaznje_zg\/\">INSTAGRAMU<\/a><\/p>\t\t\t\t\t\t<\/div>\n\t\t\t\t<\/div>\n\t\t\t\t\t<\/div>\n\t\t<\/div>\n\t\t\t\t<div class=\"elementor-column elementor-col-50 elementor-inner-column elementor-element elementor-element-1d11ab4c\" data-id=\"1d11ab4c\" data-element_type=\"column\">\n\t\t\t<div class=\"elementor-widget-wrap elementor-element-populated\">\n\t\t\t\t\t\t\t\t<div class=\"elementor-element elementor-element-46861555 elementor-position-left elementor-vertical-align-middle elementor-widget elementor-widget-image-box\" data-id=\"46861555\" data-element_type=\"widget\" data-widget_type=\"image-box.default\">\n\t\t\t\t<div class=\"elementor-widget-container\">\n\t\t\t<div class=\"elementor-image-box-wrapper\"><figure class=\"elementor-image-box-img\"><img loading=\"lazy\" decoding=\"async\" width=\"1040\" height=\"1040\" src=\"https:\/\/centarpaznje.hr\/wp-content\/uploads\/2021\/03\/radioniceodrasli.jpg\" class=\"attachment-full size-full\" alt=\"\" \/><\/figure><div class=\"elementor-image-box-content\"><h3 class=\"elementor-image-box-title\">Radionice s odraslima<\/h3><p class=\"elementor-image-box-description\">\u010cim \u010dujem re\u010denicu \"Nisam ba\u0161 kreativna\/kreativan!\" znam da vam je netko nekad u \u017eivotu rekao da ne znate crtati i da su vas puno puno ispravljali i korigirali.  Na likovnim radionicama u Centru pa\u017enje, otkrit \u0107ete neke svoje vje\u0161tine i znanja i osloboditi svoje kreativne potencijale i usput se opustiti i zabaviti. Dvosatne likovne radionice i dru\u017eenje u manjim grupama.<br><\/p><\/div><\/div>\t\t<\/div>\n\t\t\t\t<\/div>\n\t\t\t\t<div class=\"elementor-element elementor-element-a07d458 elementor-widget elementor-widget-text-editor\" data-id=\"a07d458\" data-element_type=\"widget\" data-widget_type=\"text-editor.default\">\n\t\t\t\t<div class=\"elementor-widget-container\">\n\t\t\t\t\t\t\t<p>VI\u0160E NA<a href=\"https:\/\/www.facebook.com\/centarpaznje.hr\/\"> FACEBOOKU<\/a> ILI <a href=\"https:\/\/www.instagram.com\/centarpaznje_zg\/\">INSTAGRAMU<\/a><\/p>\t\t\t\t\t\t<\/div>\n\t\t\t\t<\/div>\n\t\t\t\t\t<\/div>\n\t\t<\/div>\n\t\t\t\t\t\t\t<\/div>\n\t\t<\/section>\n\t\t\t\t\t<\/div>\n\t\t<\/div>\n\t\t\t\t\t\t\t<\/div>\n\t\t<\/section>\n\t\t\t\t<section class=\"elementor-section elementor-top-section elementor-element elementor-element-3eddbe7d elementor-section-boxed elementor-section-height-default elementor-section-height-default\" data-id=\"3eddbe7d\" data-element_type=\"section\" data-settings=\"{&quot;background_background&quot;:&quot;classic&quot;}\">\n\t\t\t\t\t\t\t<div class=\"elementor-background-overlay\"><\/div>\n\t\t\t\t\t\t\t<div class=\"elementor-container elementor-column-gap-default\">\n\t\t\t\t\t<div class=\"elementor-column elementor-col-100 elementor-top-column elementor-element elementor-element-3613678b\" data-id=\"3613678b\" data-element_type=\"column\">\n\t\t\t<div class=\"elementor-widget-wrap elementor-element-populated\">\n\t\t\t\t\t\t\t\t<div class=\"elementor-element elementor-element-12a1dae0 elementor-widget elementor-widget-heading\" data-id=\"12a1dae0\" data-element_type=\"widget\" data-widget_type=\"heading.default\">\n\t\t\t\t<div class=\"elementor-widget-container\">\n\t\t\t<h2 class=\"elementor-heading-title elementor-size-large\">Budite u centru pa\u017enje<\/h2>\t\t<\/div>\n\t\t\t\t<\/div>\n\t\t\t\t\t<\/div>\n\t\t<\/div>\n\t\t\t\t\t\t\t<\/div>\n\t\t<\/section>\n\t\t\t\t\t\t\t<\/div>\n\t\t","protected":false},"excerpt":{"rendered":"<p>Stranica se ure\u0111uje. U me\u0111uvremenu pratite informacije na Facebooku ili Instagramu u centru pa\u017enje &#8211; kreativnost i \u010darolija stvaranja Prostor slobode i \u010darolije umjetnosti. Studio za grafi\u010dki i web dizajn, ilustracije, likovne radionice i eksperimentiranje. Kreativnost, likovnost, razvoj i dobrobit djece, odraslih i lokalne zajednice &#8211; u Centru pa\u017enje. Vanja Nikoli\u0107 Centar pa\u017enje, vlasnica Grafi\u010dki [&hellip;]<\/p>\n","protected":false},"author":1,"featured_media":0,"parent":0,"menu_order":0,"comment_status":"closed","ping_status":"closed","template":"elementor_header_footer","meta":{"_monsterinsights_skip_tracking":false,"_monsterinsights_sitenote_active":false,"_monsterinsights_sitenote_note":"","_monsterinsights_sitenote_category":0,"footnotes":""},"class_list":["post-107","page","type-page","status-publish","hentry","entry"],"aioseo_notices":[],"jetpack_sharing_enabled":true,"_links":{"self":[{"href":"https:\/\/centarpaznje.hr\/index.php?rest_route=\/wp\/v2\/pages\/107","targetHints":{"allow":["GET"]}}],"collection":[{"href":"https:\/\/centarpaznje.hr\/index.php?rest_route=\/wp\/v2\/pages"}],"about":[{"href":"https:\/\/centarpaznje.hr\/index.php?rest_route=\/wp\/v2\/types\/page"}],"author":[{"embeddable":true,"href":"https:\/\/centarpaznje.hr\/index.php?rest_route=\/wp\/v2\/users\/1"}],"replies":[{"embeddable":true,"href":"https:\/\/centarpaznje.hr\/index.php?rest_route=%2Fwp%2Fv2%2Fcomments&post=107"}],"version-history":[{"count":155,"href":"https:\/\/centarpaznje.hr\/index.php?rest_route=\/wp\/v2\/pages\/107\/revisions"}],"predecessor-version":[{"id":455,"href":"https:\/\/centarpaznje.hr\/index.php?rest_route=\/wp\/v2\/pages\/107\/revisions\/455"}],"wp:attachment":[{"href":"https:\/\/centarpaznje.hr\/index.php?rest_route=%2Fwp%2Fv2%2Fmedia&parent=107"}],"curies":[{"name":"wp","href":"https:\/\/api.w.org\/{rel}","templated":true}]}}